{"id":407,"date":"2020-01-15T13:35:13","date_gmt":"2020-01-15T12:35:13","guid":{"rendered":"http:\/\/hookahsqueeze.de.dedi5317.your-server.de\/allgemeine_geschaeftsbedingungen\/"},"modified":"2022-03-18T21:15:05","modified_gmt":"2022-03-18T20:15:05","slug":"allgemeine-geschaeftsbedingungen","status":"publish","type":"page","link":"https:\/\/hookahlove.de\/en\/allgemeine-geschaeftsbedingungen\/","title":{"rendered":"General terms and conditions"},"content":{"rendered":"<div id=\"sidebar\"><\/div>\n<div id=\"content\">\n<div class=\"cmsContent\">Allgemeine Gesch\u00e4ftsbedingungen f\u00fcr K\u00e4ufe \u00fcber www.hookahLove.de \/ www.hookahStore.de \/ www.hookahSqueeze.de \/ www.hookahLove-store.de<\/p>\n<p>\u00a71 Allgemeines, Geltungsbereich der AGB<br \/>\n\u00a72 Vertragsschluss, Zustandekommen des Vertrags<br \/>\n\u00a73 Speicherung des Vertragstextes<br \/>\n\u00a74 Widerrufsbelehrung<br \/>\n\u00a75 Muster-Widerrufsformular<br \/>\n\u00a76 Preise und Versandkosten<br \/>\n\u00a77 Lieferbedingungen<br \/>\n\u00a78 Zahlungsbedingungen \/ Klarnas Zahlungsoptionen<br \/>\n\u00a79 Gew\u00e4hrleistung<br \/>\n\u00a710 Haftung auf Schadensersatz und Aufwendungsersatz<br \/>\n\u00a711 Kundenservice<br \/>\n\u00a712 Rechtsordnung, Gerichtsstand<br \/>\n\u00a713 Sonstiges<\/p>\n<p>\u00a71 Allgemeines, Geltungsbereich der AGB<\/p>\n<p>1.1 Alle Lieferungen und Leistungen erfolgen ausschlie\u00dflich auf der Grundlage der nachfolgenden Allgemeinen Gesch\u00e4ftsbedingungen (nachfolgend \u201eAGB\u201c) in ihrer zum Zeitpunkt der Bestellung g\u00fcltigen Fassung. Sofern nicht ausdr\u00fccklich schriftlich vereinbart, finden abweichende Gesch\u00e4ftsbedingungen keine Anwendung.<\/p>\n<p>1.2 Vertragspartner ist die hookahLove UG (haftungsbeschr\u00e4nkt); Gesch\u00e4ftsf\u00fchrer: Maximilian Held, Gewerbestr. 4, D-86859 Igling, Tel.: 08191\/220 00 03, E-Mail: info@hookahLove.de; Registergericht: Augsburg HRB 26666; USt-ID.: DE280856616 (nachfolgend \u201eVerk\u00e4ufer\u201c).<\/p>\n<p>1.3 Kunde im Sinne dieser Gesch\u00e4ftsbedingungen k\u00f6nnen sowohl Verbraucher als auch Unternehmer sein (nachfolgend \u201eKunde\u201c). Verbraucher im Sinne der Gesch\u00e4ftsbedingungen sind nat\u00fcrliche Personen, die Vertr\u00e4ge zu einem Zweck abschlie\u00dfen, der weder ihrer gewerblichen noch ihrer beruflichen T\u00e4tigkeit zugerechnet werden k\u00f6nnen. Unternehmer im Sinne der Gesch\u00e4ftsbedingungen sind nat\u00fcrliche oder juristische Personen oder rechtsf\u00e4hige Personengesellschaften, die bei Vertragsschluss mit dem Verk\u00e4ufer in Aus\u00fcbung ihrer gewerblichen oder selbst\u00e4ndigen beruflichen T\u00e4tigkeit handeln.<\/p>\n<p>\u00a72 Vertragsschluss, Zustandekommen des Vertrags<\/p>\n<p>2.1 Unser Angebot ist verbindlich. Mit Ihrer Bestellung geben Sie ein verbindliches Angebot an uns ab, den Vertrag mit Ihnen zu schlie\u00dfen. Der Vertrag kommt mit Versendung Ihrer Bestellung an uns zustande. Sie erhalten eine Auftragsbest\u00e4tigung per E-Mail.<\/p>\n<p>2.2 Wenn Sie das gew\u00fcnschte Produkt gefunden haben, k\u00f6nnen Sie dieses unverbindlich durch Anklicken des Artikelfotos oder der Artikelbezeichnung im Detail ansehen. Durch Anklicken des Buttons [Einkaufswagen] k\u00f6nnen sie den Artikel in den Warenkorb legen. Den Inhalt des Warenkorbs k\u00f6nnen Sie jederzeit durch Anklicken des Buttons [Warenkorb] oder [zur Kasse] unverbindlich ansehen. Die Produkte k\u00f6nnen Sie durch anklicken des roten Symbols f\u00fcr [L\u00f6schen] und des gr\u00fcnen Symbols f\u00fcr [Aktualisieren] wieder aus dem Warenkorb entfernen. Wenn Sie die Produkte im Warenkorb kaufen wollen, klicken Sie auf den Button [weiter zu Schritt 2].<\/p>\n<p>Der Bestellvorgang umfasst f\u00fcnf Schritte. Im ersten Schritt k\u00f6nnen Sie noch einmal den Inhalt des Warenkorbs einsehen und bearbeiten. Im zweiten Schritt k\u00f6nnen Sie bei Ihrem erstmaligen Einkauf optional ein Kundenkonto einrichten und hier Ihre Personendaten und Adresse angeben. Wenn Sie bereits \u00fcber ein Kundenkonto verf\u00fcgen, melden Sie sich hier unter \u201eIch habe bereits ein Konto\u201c mit Ihren Login-Daten an. Sie haben aber auch die M\u00f6glichkeit, Ihre Daten einzugeben ohne dass diese dauerhaft gespeichert werden. W\u00e4hlen Sie dann \u201eBestellung ohne ein pers\u00f6nliches Konto fortsetzen\u201c und klicken auf [weiter zu Schritt 3]. Im dritten Schritt geben Sie die Rechnungsadresse und ggf. die abweichende Versandadresse an. Im vierten Schritt w\u00e4hlen Sie Zahlungsweise und Versandart. Im letzten Schritt unter \u201eBestellung abschicken\u201c erhalten Sie nochmals eine \u00dcbersicht \u00fcber Ihre Bestelldaten und k\u00f6nnen alle Angaben einschlie\u00dflich Versandadresse und Rechnungsadresse unter [Daten \u00e4ndern] nochmals \u00fcberpr\u00fcfen, l\u00f6schen oder \u00e4ndern. Eingabefehler k\u00f6nnen Sie auch dadurch berichtigen, dass Sie im Browser r\u00fcckw\u00e4rts navigieren oder den Bestellvorgang abbrechen und von vorn beginnen. Um den Einkauf abzuschlie\u00dfen, m\u00fcssen Sie unsere Allgemeinen Gesch\u00e4ftsbedingungen akzeptieren und auf den Button [Bestellung abschicken] dr\u00fccken. Damit versenden Sie die Bestellung an uns und der Vertrag ist zustande gekommen.<\/p>\n<p>\u00a73 Speicherung des Vertragstextes<\/p>\n<p>Wir speichern Ihre Bestellung und die eingegebenen Bestelldaten. Wir senden Ihnen per E-Mail eine Bestellbest\u00e4tigung und anschlie\u00dfend eine Auftragsbest\u00e4tigung mit allen Bestelldaten zu. Auch haben Sie die M\u00f6glichkeit, sowohl die Bestellung als auch die Allgemeinen Gesch\u00e4ftsbedingungen vor dem Absenden der Bestellung an uns auszudrucken. Schlie\u00dflich haben Sie \u00fcber Ihr Kundenkonto jederzeit Zugriff auf die von Ihnen get\u00e4tigten Bestellungen.<\/p>\n<p>\u00a74 Widerrufsrecht f\u00fcr Verbraucher<\/p>\n<p>Das folgende Widerrufsrecht besteht nur f\u00fcr Verbraucher:<\/p>\n<p>Widerrufsbelehrung<\/p>\n<p>Widerrufsrecht<\/p>\n<p>Sie haben das Recht, binnen vierzehn Tagen ohne Angabe von Gr\u00fcnden diesen Vertrag zu widerrufen.<\/p>\n<p>Die Widerrufsfrist betr\u00e4gt vierzehn Tage ab dem Tag, an dem Sie oder ein von Ihnen benannter Dritter, der nicht der Bef\u00f6rderer ist, die Waren in Besitz genommen haben bzw. hat. Um Ihr Widerrufsrecht auszu\u00fcben, m\u00fcssen Sie uns (hookahLove UG (haftungsbeschr\u00e4nkt); Gesch\u00e4ftsf\u00fchrer: Maximilian Held, Gewerbestr. 4, D-86859 Igling, Tel.: 08191\/220 00 03; E-Mail: info@hookahLove.de) mittels einer eindeutigen Erkl\u00e4rung (z. B. ein mit der Post versandter Brief oder E-Mail) \u00fcber Ihren Entschluss, diesen Vertrag zu widerrufen, informieren. Sie k\u00f6nnen daf\u00fcr das beigef\u00fcgte Muster-Widerrufsformular verwenden, das jedoch nicht vorgeschrieben ist. Zur Wahrung der Widerrufsfrist reicht es aus, dass Sie die Mitteilung \u00fcber die Aus\u00fcbung des Widerrufsrechts vor Ablauf der Widerrufsfrist absenden.<\/p>\n<p>Folgen des Widerrufs<\/p>\n<p>Wenn Sie diesen Vertrag widerrufen, haben wir Ihnen alle Zahlungen, die wir von Ihnen erhalten haben, einschlie\u00dflich der Lieferkosten (mit Ausnahme der zus\u00e4tzlichen Kosten, die sich daraus ergeben, dass Sie eine andere Art der Lieferung als die von uns angebotene, g\u00fcnstigste Standardlieferung gew\u00e4hlt haben), unverz\u00fcglich und sp\u00e4testens binnen vierzehn Tagen ab dem Tag zur\u00fcckzuzahlen, an dem die Mitteilung \u00fcber Ihren Widerruf dieses Vertrags bei uns eingegangen ist. F\u00fcr diese R\u00fcckzahlung verwenden wir dasselbe Zahlungsmittel, das Sie bei der urspr\u00fcnglichen Transaktion eingesetzt haben, es sei denn, mit Ihnen wurde ausdr\u00fccklich etwas anderes vereinbart; in keinem Fall werden Ihnen wegen dieser R\u00fcckzahlung Entgelte berechnet.<\/p>\n<p>Wir k\u00f6nnen die R\u00fcckzahlung verweigern, bis wir die Waren wieder zur\u00fcckerhalten haben oder bis Sie den Nachweis erbracht haben, dass Sie die Waren zur\u00fcckgesandt haben, je nachdem, welches der fr\u00fchere Zeitpunkt ist.<\/p>\n<p>Sie haben die Waren unverz\u00fcglich und in jedem Fall sp\u00e4testens binnen vierzehn Tagen ab dem Tag, an dem Sie uns \u00fcber den Widerruf dieses Vertrags unterrichten, an uns zur\u00fcckzusenden oder zu \u00fcbergeben. Die Frist ist gewahrt, wenn Sie die Waren vor Ablauf der Frist von vierzehn Tagen absenden. Sie tragen die unmittelbaren Kosten der R\u00fccksendung der Waren.<\/p>\n<p>Sie m\u00fcssen f\u00fcr einen etwaigen Wertverlust der Waren nur aufkommen, wenn dieser Wertverlust auf einen zur Pr\u00fcfung der Beschaffenheit, Eigenschaften und Funktionsweise der Waren nicht notwendigen Umgang mit ihnen zur\u00fcckzuf\u00fchren ist.<\/p>\n<p>\u00a75 Muster-Widerrufsformular<\/p>\n<p>(Wenn Sie den Vertrag widerrufen wollen, dann f\u00fcllen Sie bitte dieses Formular aus und senden Sie es zur\u00fcck.)<\/p>\n<p>An<\/p>\n<p>hookahLove UG (haftungsbeschr\u00e4nkt)<br \/>\nGewerbestr. 4<br \/>\nD-86859 Igling<br \/>\nTel.: 08191\/220 00 03<br \/>\nE-Mail: info@hookahLove.de<\/p>\n<p>Hiermit widerrufe(n) ich\/wir (*) den von mir\/uns (*) abgeschlossenen Vertrag \u00fcber den Kauf<\/p>\n<p>der folgenden Waren (*)\/die Erbringung der folgenden Dienstleistung (*)<\/p>\n<p>Bestellt am (*)\/erhalten am (*)<\/p>\n<p>Name des\/der Verbraucher(s)<\/p>\n<p>Anschrift des\/der Verbraucher(s)<\/p>\n<p>Unterschrift des\/der Verbraucher(s) (nur bei Mitteilung auf Papier)<\/p>\n<p>Datum<br \/>\n(*) Unzutreffendes streichen.<\/p>\n<p>\u00a76 Preise und Versandkosten<\/p>\n<p>6.1 Alle Preise gelten inklusive der gesetzlichen Mehrwertsteuer zuz\u00fcglich Versandkosten.<\/p>\n<p>6.2 Die H\u00f6he der Versandkosten entnehmen Sie den Informationen in dem jeweiligen Angebot. Die zu den Versandkosten genannten Warenwerte beziehen sich auf den Warenwert vor Abzug etwaiger Gutschriften und Gutscheinen. Die Einl\u00f6sung von Gutscheinen jeglicher Art hat auf die Berechnung der Versandkostenpauschalen keinen Einfluss.<\/p>\n<p>6.3 Bei Versand ins Ausland fallen ggf. zus\u00e4tzlich Z\u00f6lle an, die die zust\u00e4ndigen Zollbeh\u00f6rden direkt bei Ihnen erheben. Bei Lieferungen in Nicht-EU-L\u00e4nder deklarieren wir die Lieferung mit Bezeichnung des Inhalts und Wert. Alle eventuell anfallenden Zoll- und Einfuhrgeb\u00fchren sind vom Empf\u00e4nger zu tragen. Nationale Einfuhrbestimmungen f\u00fcr die jeweiligen Produkte sind vom Kunden zu beachten. Wir \u00fcbernehmen keine Verantwortung f\u00fcr die Konformit\u00e4t unserer Produkte mit nationalen Richtlinien und Vorschriften au\u00dferhalb der EU.<\/p>\n<p>\u00a77 Lieferbedingungen<\/p>\n<p>7.1 Wir liefern mit DHL oder einem anderen Anbieter unserer Wahl. Wir liefern ausschlie\u00dflich in die unter Ziffer 7.2 genannten L\u00e4nder.<\/p>\n<p>7.2 Wir liefern innerhalb Deutschlands und in die folgenden L\u00e4nder: Schweiz, Norwegen, Vereinigtes K\u00f6nigreich.<\/p>\n<p>7.3 Die Ware wird, sofern nicht beim Angebot anders angegeben, innerhalb von 2 Werktagen nach Zahlungseingang in den Versand gebracht. Bei Lieferung auf Rechnung wird die Ware, sofern nicht beim Angebot anders angegeben, innerhalb von 5 Werktagen nach Zustellung der Auftragsbest\u00e4tigung in den Versand gebracht.<\/p>\n<p>7.4 Falls hookahLove UG ohne eigenes Verschulden zur Lieferung der bestellten Ware nicht in der Lage ist, weil unser Lieferant seine vertraglichen Verpflichtungen nicht erf\u00fcllt, sind wir dem Kunden gegen\u00fcber zum R\u00fccktritt berechtigt. In diesem Fall wird der Kunde unverz\u00fcglich dar\u00fcber informiert, dass das bestellte Produkt nicht zur Verf\u00fcgung steht. Die gesetzlichen Anspr\u00fcche des Kunden bleiben unber\u00fchrt. Ein eventuell bereits bezahlter Kaufpreis wird unverz\u00fcglich erstattet.<\/p>\n<p>7.5 Unser Angebot richtet sich ausschlie\u00dflich an vollj\u00e4hrige Personen. Wenn der Kunde unter 18 Jahren alt ist, darf er keine Artikel \u00fcber uns bestellen. Die Auslieferung und Aush\u00e4ndigung der Ware erfolgt ausschlie\u00dflich an vollj\u00e4hrige Personen.<\/p>\n<p>\u00a78 Zahlungsbedingungen<\/p>\n<p>8.1 Die Zahlung erfolgt wahlweise per Paypal oder Vorkasse. Wir behalten uns vor, einzelne Zahlungsarten auszuschlie\u00dfen.<\/p>\n<p>8.2 Zahlungen sind erst nach Versendung der Bestellung durch Sie an uns f\u00e4llig. Bei Vorkasse \u00fcbermitteln wir Ihnen mit unserer Auftragsbest\u00e4tigung per E-Mail unsere Bankverbindung, so dass Sie die Zahlung vornehmen k\u00f6nnen. Bei Paypal werden Sie direkt aus dem Bestellvorgang auf die Zahlungsseiten des jeweiligen Zahlungsunternehmens geleitet und nehmen die \u00dcberweisung unmittelbar selbst vor.<\/p>\n<p>8.3 In Zahlungsverzug kommen Verbraucher ohne Mahnung durch uns nur, wenn sie einen Rechnungsbetrag 30 Tage nach Rechnungsstellung (erkennbar am Rechnungsdatum) nicht bezahlt haben und wenn wir auf diese Folge in der Rechnung oder Zahlungsaufstellung besonders hingewiesen haben.<\/p>\n<p>8.4 Wenn Sie Verbraucher sind, ist der Kaufpreis mit Eintritt des Zahlungsverzugs w\u00e4hrend des Verzuges in H\u00f6he von 5% \u00fcber dem Basiszinssatz zu verzinsen. Wenn Sie nicht Verbraucher sind, betr\u00e4gt der Zinssatz w\u00e4hrend des Zahlungsverzuges 8 % \u00fcber dem Basiszinssatz. Wir behalten uns vor, einen h\u00f6heren Verzugsschaden nachzuweisen und geltend zu machen.<\/p>\n<p>8.5 <strong>Klarnas Zahlungsoptionen<\/strong><\/p>\n<p>In Zusammenarbeit mit <a class=\"link-item link-secondary\" href=\"https:\/\/www.klarna.de\/\" target=\"_blank\" rel=\"noopener\"><span class=\"link-content\">Klarna Bank AB (publ) <\/span><\/a>, Sveav\u00e4gen 46, 111 34 Stockholm, Schweden, bieten wir die folgenden Zahlungsoptionen an. Die Zahlung erfolgt jeweils an Klarna:<\/p>\n<ul>\n<li>Rechnung: Die Zahlungsfrist betr\u00e4gt 14 Tagen ab Versand der Ware. Die Rechnungsbedingungen finden Sie <a class=\"link-item link-secondary\" href=\"https:\/\/cdn.klarna.com\/1.0\/shared\/content\/legal\/terms\/EID\/de_de\/invoice?fee%3D0\" target=\"_blank\" rel=\"noopener\"><span class=\"link-content\">hier<\/span><\/a>.<\/li>\n<li>Ratenkauf: Mit dem Finanzierungsservice von Klarna k\u00f6nnen Sie Ihren Einkauf flexibel in monatlichen Raten von mindestens 1\/24 des Gesamtbetrages (mindestens jedoch 6,95 EUR) oder unter den sonst in der Kasse angegebenen Bedingungen bezahlen. Die Ratenzahlung ist jeweils zum Ende des Monats nach \u00dcbersendung einer Monatsrechnung durch Klarna f\u00e4llig. Weitere Informationen zum Ratenkauf einschlie\u00dflich der Allgemeinen Gesch\u00e4ftsbedingungen und der europ\u00e4ischen Standardinformationen f\u00fcr Verbraucherkredite finden Sie <a class=\"link-item link-secondary\" href=\"https:\/\/cdn.klarna.com\/1.0\/shared\/content\/legal\/terms\/EID\/de_de\/account\" target=\"_blank\" rel=\"noopener\"><span class=\"link-content\">hier<\/span><\/a>.<\/li>\n<li>Sofort\u00fcberweisung: Die Belastung Ihres Kontos erfolgt unmittelbar nach Abgabe der Bestellung.<\/li>\n<li>Lastschrift: Die Abbuchung erfolgt nach Versand der Ware. Der Zeitpunkt wird Ihnen per E-Mail mitgeteilt. Weitere Informationen finden Sie <a class=\"link-item link-secondary\" href=\"https:\/\/cdn.klarna.com\/1.0\/shared\/content\/legal\/terms\/0\/de_de\/direct_debit-read_more\" target=\"_blank\" rel=\"noopener\"><span class=\"link-content\">hier<\/span><\/a>.<\/li>\n<\/ul>\n<p>Die Nutzung der Zahlungsarten Rechnung, Ratenkauf und Lastschrift setzt eine positive Bonit\u00e4tspr\u00fcfung voraus. Weitere Informationen und Klarnas Nutzerbedingungen finden Sie <a class=\"link-item link-secondary\" href=\"https:\/\/cdn.klarna.com\/1.0\/shared\/content\/legal\/terms\/0\/de_de\/user\" target=\"_blank\" rel=\"noopener\"><span class=\"link-content\">hier<\/span><\/a>. Allgemeine Informationen zu Klarna erhalten Sie <a class=\"link-item link-secondary\" href=\"https:\/\/www.klarna.de\/\" target=\"_blank\" rel=\"noopener\"><span class=\"link-content\">hier<\/span><\/a>. Ihre personenbezogenen Daten werden von Klarna in \u00dcbereinstimmung mit den geltenden Datenschutzbestimmungen und entsprechend den Angaben in <a class=\"link-item link-secondary\" href=\"https:\/\/cdn.klarna.com\/1.0\/shared\/content\/legal\/terms\/0\/de_de\/privacy\" target=\"_blank\" rel=\"noopener\"><span class=\"link-content\">Klarnas Datenschutzbestimmungen <\/span><\/a>\u00a0behandelt.<\/p>\n<p>\u00a79 Gew\u00e4hrleistung<\/p>\n<p>9.1 Wenn Sie Verbraucher sind und die Bestellung bei uns zu einem Zweck vornehmen, der weder ihrer gewerblichen noch ihrer beruflichen T\u00e4tigkeit zugerechnet werden kann, erfolgt die Gew\u00e4hrleistung nach den gesetzlichen Bestimmungen.<\/p>\n<p>9.2 Wenn Sie ihre Bestellung bei uns als Unternehmer vornehmen, gilt folgendes:<\/p>\n<p>9.2.1 Gelieferte Waren sind vom Kunden, soweit dies nach ordnungsm\u00e4\u00dfigem Gesch\u00e4ftsgange tunlich ist, unverz\u00fcglich \u2013 sp\u00e4testens innerhalb von 7 Tagen &#8211; nach Ablieferung zu untersuchen. Wenn sich ein Mangel zeigt, ist uns unverz\u00fcglich Anzeige zu machen. Unterl\u00e4sst der Kunde die Anzeige, so gilt die Ware als genehmigt, es sei denn, dass es sich um einen Mangel handelt, der bei der Untersuchung nicht erkennbar war. Zeigt sich sp\u00e4ter ein solcher Mangel, so muss die Anzeige unverz\u00fcglich nach der Entdeckung gemacht werden, anderenfalls gilt die Ware auch in Ansehung dieses Mangels als genehmigt. \u00a7 377 HGB bleibt unber\u00fchrt. Seiner Untersuchungspflicht ist der Kunde auch im Falle des R\u00fcckgriffes des Unternehmers nach \u00a7 478 BGB nicht enthoben. Zeigt er in solchen F\u00e4llen den von seinem Abnehmer geltend gemachten Mangel nicht sofort an, so gilt die Ware auch in Ansehung dieses Mangels als genehmigt.<\/p>\n<p>9.2.2 Soweit ein Mangel vorliegt, sind wir unter Ber\u00fccksichtigung der Art des Mangels und der berechtigten Interessen des Kunden berechtigt, die Art der Nacherf\u00fcllung zu bestimmen. Eine Nacherf\u00fcllung gilt bei diesen Vertr\u00e4gen nach dem erfolglosen dritten Versuch als fehlgeschlagen. Diese Ziffer gilt nicht im Fall des R\u00fcckgriffes nach \u00a7 478 BGB.<\/p>\n<p>9.2.3 Im Fall der Nacherf\u00fcllung bei M\u00e4ngeln sind wir nur insoweit verpflichtet, die hierf\u00fcr erforderlichen Aufwendungen, insbesondere Transport-, Wege,- Arbeits- und Materialkosten zu tragen, als sich diese nicht dadurch erh\u00f6hen, dass die Sache an einen anderen Ort als den Sitz oder die gewerbliche Niederlassung des Kunden, an die geliefert wurde, verbracht wurde. Diese Ziffer gilt nicht im Fall des R\u00fcckgriffes nach \u00a7 478 BGB.<\/p>\n<p>9.2.4 Die M\u00e4ngelanspr\u00fcche des Kunden einschlie\u00dflich der Schadensersatzanspr\u00fcche verj\u00e4hren in einem Jahr. Dies gilt nicht im Fall des R\u00fcckgriffs nach \u00a7 478 BGB, dies gilt ferner nicht in den F\u00e4llen der \u00a7\u00a7 438 Abs. 1 Nr. 2 BGB sowie des \u00a7 634a Abs. 1 Nr. 2 BGB. Dies gilt auch nicht f\u00fcr Schadensersatzanspr\u00fcche wegen Verletzung des Lebens, des K\u00f6rpers oder der Gesundheit oder aufgrund einer grob fahrl\u00e4ssigen oder vors\u00e4tzlichen Pflichtverletzung durch uns oder unsere Erf\u00fcllungsgehilfen.<\/p>\n<p>\u00a710 Haftung auf Schadensersatz und Aufwendungsersatz<\/p>\n<p>10.1 Wenn Sie Verbraucher sind und die Bestellung bei uns zu einem Zweck vornehmen, der weder ihrer gewerblichen noch ihrer beruflichen T\u00e4tigkeit zugerechnet werden kann, haften wir f\u00fcr Sch\u00e4den nach den gesetzlichen Bestimmungen.<\/p>\n<p>10.2 Wenn Sie ihre Bestellung bei uns als Unternehmer vornehmen, gilt im Falle unserer vertraglichen Haftung auf Schadensersatz gem\u00e4\u00df Ziffer 10.2 bis 10.8 folgendes:<\/p>\n<p>10.2.1 Sofern die Anspr\u00fcche auf einer vors\u00e4tzlichen Pflichtverletzung durch uns, unsere Vertreter oder unsere Erf\u00fcllungsgehilfen beruhen, haften wir auf Schadensersatz nach den gesetzlichen Bestimmungen. Beruhen die Anspr\u00fcche auf einer grob fahrl\u00e4ssigen Pflichtverletzung durch uns oder unsere Vertreter oder Erf\u00fcllungsgehilfen, so ist die Haftung auf den vorhersehbaren, typischerweise eintretenden Schaden begrenzt.<\/p>\n<p>10.2.2 Sofern wir oder unsere Vertreter oder Erf\u00fcllungsgehilfen schuldhaft eine Pflicht verletzt haben, deren Erf\u00fcllung die ordnungsgem\u00e4\u00dfe Durchf\u00fchrung des Vertrags \u00fcberhaupt erst erm\u00f6glicht, deren Verletzung die Erreichung des Vertragszwecks gef\u00e4hrdet und auf deren Einhaltung der Kunde regelm\u00e4\u00dfig vertraut &#8211; und kein Fall der Haftung nach den gesetzlichen Bestimmungen vorliegt &#8211; ist die Haftung auf den vorhersehbaren, typischerweise eintretenden Schaden begrenzt.<\/p>\n<p>10.2.3 Soweit unter den Ziffern 10.2.1 und 10.2.2 nichts anderes bestimmt ist, ist unsere Haftung auf Schadenersatz ausgeschlossen. Dasselbe gilt auch, soweit gegen uns als Lieferanten R\u00fcckgriffsanspr\u00fcche gem. \u00a7 478 BGB geltend gemacht werden.<\/p>\n<p>10.3 Die Haftungsausschl\u00fcsse und -beschr\u00e4nkungen unter Ziffer 10.2 gelten auch f\u00fcr sonstige Anspr\u00fcche, insbesondere deliktische Anspr\u00fcche oder Anspr\u00fcche auf Ersatz vergeblicher Aufwendungen statt der Leistung.<\/p>\n<p>10.4 Die Haftungsausschl\u00fcsse und -beschr\u00e4nkungen unter Ziffer 10.2 gelten nicht f\u00fcr gegebenenfalls bestehende Anspr\u00fcche gem. \u00a7\u00a7 1, 4 Produkthaftungsgesetz oder wegen schuldhafter Verletzung des Lebens, des K\u00f6rpers oder der Gesundheit. Sie gelten auch nicht, soweit wir eine Garantie f\u00fcr die Beschaffenheit unserer Ware oder einen Leistungserfolg oder ein Beschaffungsrisiko \u00fcbernommen haben und der Garantiefall eingetreten ist oder das Beschaffungsrisiko sich realisiert hat.<\/p>\n<p>10.5 Eine Haftung aus der \u00dcbernahme eines Beschaffungsrisikos trifft uns nur, wenn wir das Beschaffungsrisiko ausdr\u00fccklich schriftlich \u00fcbernommen haben.<\/p>\n<p>10.6 Sofern nicht die Haftungsbegrenzung gem. Ziffer 10.2 bei Anspr\u00fcchen aus der Produzentenhaftung gem. \u00a7 823 BGB eingreift, ist unsere Haftung auf die Ersatzleistung der Versicherung begrenzt. Soweit diese nicht oder nicht vollst\u00e4ndig eintritt, sind wir bis zur H\u00f6he der Deckungssumme zur Haftung verpflichtet. Diese Ziffer gilt nicht bei schuldhafter Verletzung des Lebens, des K\u00f6rpers oder der Gesundheit.<\/p>\n<p>10.7 Soweit unsere Haftung ausgeschlossen oder beschr\u00e4nkt ist, gilt dies auch f\u00fcr die pers\u00f6nliche Haftung unserer Angestellten, Arbeitnehmer, Mitarbeiter, Vertreter und Erf\u00fcllungsgehilfen.<\/p>\n<p>10.8 Eine Umkehr der Beweislast ist mit den vorstehenden Regelungen nicht verbunden.<\/p>\n<p>\u00a711 Kundenservice<\/p>\n<p>Bei Fragen, Beschwerden oder Reklamationen nehmen Sie bitte Kontakt zu uns auf. Sie erreichen uns Montag &#8211; Donnerstag in der Zeit von 10:00 bis 16:00 Uhr telefonisch unter der Telefonnummer 08191 &#8211; 220 00 03 oder per E-Mail unter info@hookahLove.de.<\/p>\n<p>\u00a712 Rechtsordnung, Gerichtsstand<\/p>\n<p>12.1 Es gilt deutsches Recht unter Ausschluss des UN-Kaufrechts.<\/p>\n<p>12.2 Bei Kunden, die den Vertrag zu einem Zweck schlie\u00dfen, der nicht der beruflichen oder gewerblichen T\u00e4tigkeit zugerechnet werden kann (Verbraucher) ber\u00fchrt diese Rechtswahl nicht die zwingenden Bestimmungen des Rechts des Staates, in dem der Kunde seinen gew\u00f6hnlichen Aufenthalt hat.<\/p>\n<p>12.3 F\u00fcr alle Streitigkeiten aus dem Vertragsverh\u00e4ltnis richtet sich, wenn der Besteller Kaufmann, eine juristische Person des \u00f6ffentlichen Rechts oder ein \u00f6ffentlich-rechtliches Sonderverm\u00f6gen ist, der Gerichtsstand nach dem Sitz unseres Unternehmens in Landsberg am Lech.<\/p>\n<p>\u00a713 Sonstiges<\/p>\n<p>13.1 Die Vertragssprachen sind Deutsch und Englisch.<\/p>\n<p>13.2 Sind eine oder mehrere Regelungen dieser AGB unwirksam, so bleibt der Vertrag im \u00dcbrigen wirksam. Soweit die Bestimmungen unwirksam sind, richtet sich der Inhalt des Vertrages nach den gesetzlichen Vorschriften.<\/p>\n<\/div>\n<\/div>\n","protected":false},"excerpt":{"rendered":"<p>Allgemeine Gesch\u00e4ftsbedingungen f\u00fcr K\u00e4ufe \u00fcber www.hookahLove.de \/ www.hookahStore.de \/ www.hookahSqueeze.de \/ www.hookahLove-store.de \u00a71 Allgemeines, Geltungsbereich der AGB \u00a72 Vertragsschluss, Zustandekommen des Vertrags \u00a73 Speicherung des Vertragstextes \u00a74 Widerrufsbelehrung \u00a75 Muster-Widerrufsformular \u00a76 Preise und Versandkosten \u00a77 Lieferbedingungen \u00a78 Zahlungsbedingungen \/ Klarnas Zahlungsoptionen \u00a79 Gew\u00e4hrleistung \u00a710 Haftung auf Schadensersatz und Aufwendungsersatz \u00a711 Kundenservice \u00a712 Rechtsordnung, Gerichtsstand \u00a713 [&hellip;]<\/p>\n","protected":false},"author":1,"featured_media":0,"parent":0,"menu_order":0,"comment_status":"closed","ping_status":"closed","template":"","meta":{"_acf_changed":false,"footnotes":""},"class_list":["post-407","page","type-page","status-publish","hentry"],"acf":[],"_links":{"self":[{"href":"https:\/\/hookahlove.de\/en\/wp-json\/wp\/v2\/pages\/407","targetHints":{"allow":["GET"]}}],"collection":[{"href":"https:\/\/hookahlove.de\/en\/wp-json\/wp\/v2\/pages"}],"about":[{"href":"https:\/\/hookahlove.de\/en\/wp-json\/wp\/v2\/types\/page"}],"author":[{"embeddable":true,"href":"https:\/\/hookahlove.de\/en\/wp-json\/wp\/v2\/users\/1"}],"replies":[{"embeddable":true,"href":"https:\/\/hookahlove.de\/en\/wp-json\/wp\/v2\/comments?post=407"}],"version-history":[{"count":6,"href":"https:\/\/hookahlove.de\/en\/wp-json\/wp\/v2\/pages\/407\/revisions"}],"predecessor-version":[{"id":8335,"href":"https:\/\/hookahlove.de\/en\/wp-json\/wp\/v2\/pages\/407\/revisions\/8335"}],"wp:attachment":[{"href":"https:\/\/hookahlove.de\/en\/wp-json\/wp\/v2\/media?parent=407"}],"curies":[{"name":"wp","href":"https:\/\/api.w.org\/{rel}","templated":true}]}}