{"id":405,"date":"2020-01-15T13:35:13","date_gmt":"2020-01-15T12:35:13","guid":{"rendered":"http:\/\/hookahsqueeze.de.dedi5317.your-server.de\/zahlungsweisen\/"},"modified":"2020-02-10T14:41:46","modified_gmt":"2020-02-10T13:41:46","slug":"zahlungsweisen","status":"publish","type":"page","link":"https:\/\/hookahlove.de\/en\/zahlungsweisen\/","title":{"rendered":"Payment methods"},"content":{"rendered":"<p><strong>We offer payment by bank transfer (prepayment) and Klarna payment options.<\/strong> Just choose the best payment method. The prices listed in the respective offers are final prices. They include all price components including any applicable taxes such as VAT. Only in the case of cross-border delivery may further taxes (e.g. in the case of an intra-Community purchase) and\/or duties (e.g. customs duties) be payable by you in individual cases, but not to the seller but to the customs or tax authorities responsible there. The delivery and shipping costs incurred are not included in the purchase price; they can be called up via the \"Shipping costs\" page, are shown separately during the ordering process and are to be borne by you additionally.<\/p>\n<p><strong>Bank transfer (prepayment):<\/strong><\/p>\n<p>The total amount must be transferred to our German bank account after ordering. <strong>Tip: With most banks, a real-time transfer is often even possible free of charge. Your order will then usually be shipped the next working day. <\/strong>However, you have to bear any costs for the real-time transfer yourself.<\/p>\n<p>Account holder: hookahLove UG<br \/>\nIBAN: DE91 7009 3200 0002 2107 89<br \/>\nBIC: GENODEF1STH<br \/>\nAccount number: 0002 2107 89<br \/>\nCredit institution: VR Bank Starnberg-Herrsching-Landsberg eG (BLZ: 700 932 00)<\/p>\n<p><strong>Klarna:<\/strong><\/p>\n<p>In collaboration with <a class=\"link-item link-secondary\" href=\"https:\/\/www.klarna.de\/\" target=\"_blank\" rel=\"noopener noreferrer\"><span class=\"link-content\">Klarna Bank AB (publ) <\/span><\/a>, Sveav\u00e4gen 46, 111 34 Stockholm, Sweden, we offer the following payment options. The payment is made to Klarna in each case:<\/p>\n<ul>\n<li>Invoice: The payment period is 14 days from dispatch of the goods. You will find the invoice conditions <a class=\"link-item link-secondary\" href=\"https:\/\/cdn.klarna.com\/1.0\/shared\/content\/legal\/terms\/EID\/de_de\/invoice?fee%3D0\" target=\"_blank\" rel=\"noopener\"><span class=\"link-content\">here<\/span><\/a>.<\/li>\n<li>Instalment purchase: With Klarna's financing service, you can pay for your purchase flexibly in monthly instalments of at least 1\/24 of the total amount (but at least EUR 6.95) or under the conditions otherwise specified in the checkout. The instalment payment is due at the end of each month after Klarna sends you a monthly invoice. For more information on the instalment purchase including the General Terms and Conditions and the European Standard Information for Consumer Credit, please see <a class=\"link-item link-secondary\" href=\"https:\/\/cdn.klarna.com\/1.0\/shared\/content\/legal\/terms\/EID\/de_de\/account\" target=\"_blank\" rel=\"noopener\"><span class=\"link-content\">here<\/span><\/a>.<\/li>\n<li>Sofort\u00fcberweisung: Your account will be debited immediately after placing the order.<\/li>\n<li>Direct debit: The debit will be made after the goods have been dispatched. You will be informed of the date by e-mail. You will find further information <a class=\"link-item link-secondary\" href=\"https:\/\/cdn.klarna.com\/1.0\/shared\/content\/legal\/terms\/0\/de_de\/direct_debit-read_more\" target=\"_blank\" rel=\"noopener\"><span class=\"link-content\">here<\/span><\/a>.<\/li>\n<\/ul>\n<p>The use of the payment methods invoice, hire purchase and direct debit requires a positive credit check. In this respect, we forward your data to Klarna for the purpose of the address and credit check as part of the purchase initiation and processing of the purchase contract. Please understand that we can only offer you those payment methods that are permissible based on the results of the credit check. Further information and Klarna's terms of use can be found <a class=\"link-item link-secondary\" href=\"https:\/\/cdn.klarna.com\/1.0\/shared\/content\/legal\/terms\/0\/de_de\/user\" target=\"_blank\" rel=\"noopener\"><span class=\"link-content\">here<\/span><\/a>. You can get general information about Klarna <a class=\"link-item link-secondary\" href=\"https:\/\/www.klarna.de\/\" target=\"_blank\" rel=\"noopener\"><span class=\"link-content\">here<\/span><\/a>. Your personal data will be processed by Klarna in accordance with the applicable data protection provisions and as set out in <a class=\"link-item link-secondary\" href=\"https:\/\/cdn.klarna.com\/1.0\/shared\/content\/legal\/terms\/0\/de_de\/privacy\" target=\"_blank\" rel=\"noopener noreferrer\"><span class=\"link-content\">Klarna's privacy policy <\/span><\/a>\u00a0treated.<\/p>","protected":false},"excerpt":{"rendered":"<p>Wir bieten dir die Zahlung per Bank\u00fcberweisung (Vorkasse) und Klarna Zahlungsoptionen an. Such dir einfach die optimale Zahlart aus. Die in den jeweiligen Angeboten angef\u00fchrten Preise stellen Endpreise dar. Sie beinhalten alle Preisbestandteile einschlie\u00dflich etwaig anfallender Steuern wie Mehrwertsteuer. Nur bei grenz\u00fcberschreitender Lieferung k\u00f6nnen im Einzelfall weitere Steuern (z.B. im Falle eines innergemeinschaftlichen Erwerbs) und\/oder [&hellip;]<\/p>\n","protected":false},"author":1,"featured_media":0,"parent":0,"menu_order":0,"comment_status":"closed","ping_status":"closed","template":"","meta":{"_acf_changed":false,"footnotes":""},"class_list":["post-405","page","type-page","status-publish","hentry"],"acf":[],"_links":{"self":[{"href":"https:\/\/hookahlove.de\/en\/wp-json\/wp\/v2\/pages\/405","targetHints":{"allow":["GET"]}}],"collection":[{"href":"https:\/\/hookahlove.de\/en\/wp-json\/wp\/v2\/pages"}],"about":[{"href":"https:\/\/hookahlove.de\/en\/wp-json\/wp\/v2\/types\/page"}],"author":[{"embeddable":true,"href":"https:\/\/hookahlove.de\/en\/wp-json\/wp\/v2\/users\/1"}],"replies":[{"embeddable":true,"href":"https:\/\/hookahlove.de\/en\/wp-json\/wp\/v2\/comments?post=405"}],"version-history":[{"count":7,"href":"https:\/\/hookahlove.de\/en\/wp-json\/wp\/v2\/pages\/405\/revisions"}],"predecessor-version":[{"id":1479,"href":"https:\/\/hookahlove.de\/en\/wp-json\/wp\/v2\/pages\/405\/revisions\/1479"}],"wp:attachment":[{"href":"https:\/\/hookahlove.de\/en\/wp-json\/wp\/v2\/media?parent=405"}],"curies":[{"name":"wp","href":"https:\/\/api.w.org\/{rel}","templated":true}]}}