{"id":404,"date":"2020-01-15T13:35:13","date_gmt":"2020-01-15T12:35:13","guid":{"rendered":"http:\/\/hookahsqueeze.de.dedi5317.your-server.de\/datenschutz\/"},"modified":"2020-02-06T22:48:29","modified_gmt":"2020-02-06T21:48:29","slug":"datenschutz","status":"publish","type":"page","link":"https:\/\/hookahlove.de\/en\/datenschutz\/","title":{"rendered":"Data protection"},"content":{"rendered":"<div id=\"breadCrumb\"><\/div>\n<div id=\"sidebar\"><\/div>\n<div id=\"content\">\n<h1 class=\"pageHead\">Datenschutzerkl\u00e4rung<\/h1>\n<div class=\"cmsContent\">A. Verantwortlich f\u00fcr die Datenverarbeitung<\/p>\n<p>Verantwortlich f\u00fcr die Verarbeitung personenbezogener Daten im Rahmen dieses Webauftritts gem\u00e4\u00df den Vorschriften der Datenschutzgrundverordnung (DSGVO) ist:<\/p>\n<p>hookahLove UG (haftungsbeschr\u00e4nkt)<br \/>\nGewerbestr. 4<br \/>\n86859 Igling<\/p>\n<p>vertreten durch den Gesch\u00e4ftsf\u00fchrer Maximilian Held<\/p>\n<p>Telefon 08191-220000-2<br \/>\nE-Mail: info@hookahLove.de<\/p>\n<p>Mit dieser Datenschutzerkl\u00e4rung informieren wir Sie \u00fcber den Umfang der Verarbeitung Ihrer personenbezogenen Daten (nachfolgend nur noch \u201eDaten\u201c).<\/p>\n<p>B. Datenverarbeitung<\/p>\n<p>Im Rahmen des Betriebs unserer Webseite verarbeiten wir Daten. Die Verarbeitung der Daten umfasst auch die Offenlegung durch \u00dcbermittlung.<\/p>\n<p>F\u00fcr Daten\u00fcbermittlungen in die USA existiert ein Angemessenheitsbeschluss der EU-Kommission, das EU-US Privacy Shield. In diesem hat die Kommission bescheinigt, dass die Garantien f\u00fcr die \u00dcbermittlung von Daten in die USA auf der Grundlage des EU-US Privacy Shield den Datenschutzstandards in der EU entsprechen. Soweit wir Daten in die USA \u00fcbermitteln, haben wir die Teilnahme unserer Dienstleister am EU-US Privacy Shield gekennzeichnet.<\/p>\n<p>Die im Einzelnen betroffenen Daten, Verarbeitungszwecke, Rechtsgrundlagen, Empf\u00e4nger und \u00dcbermittlungen in Drittstaaten sind in der nachfolgenden Aufstellung aufgef\u00fchrt:<\/p>\n<p>a) Logdatei<\/p>\n<p>Wir protokollieren Ihren Besuch auf unseren Webseiten. Dabei werden die folgenden Daten verarbeitet: Name der jeweils abgerufenen Webseite, Datum und Uhrzeit des Abrufs, die \u00fcbertragene Datenmenge, der Browsertyp nebst Version, das von Ihnen genutzte Betriebssystem, die Referrer-URL (die zuvor besuchte Webseite), Ihre IP-Adresse und der anfragende Provider. Dies ist notwendig, um die Sicherheit der Webseite zu gew\u00e4hrleisten. Die Daten verarbeiten wir entsprechend auf der Grundlage unserer berechtigten Interessen gem\u00e4\u00df Art. 6 Abs. 1 f) DSGVO. Die Logdatei wird nach Ablauf von sieben Tagen gel\u00f6scht, es sei denn, dass diese zur Aufkl\u00e4rung oder zum Nachweis konkreter Rechtsverletzungen, die innerhalb der Aufbewahrungsfrist bekannt geworden sind, ben\u00f6tigt wird.<\/p>\n<p>b) Hosting<\/p>\n<p>Im Rahmen des Hostings werden s\u00e4mtliche im Zusammenhang mit dem Betrieb dieser Website zu verarbeitenden Daten gespeichert. Dies ist notwendig, um den Betrieb der Webseite zu erm\u00f6glichen. Die Daten verarbeiten wir entsprechend auf der Grundlage unserer berechtigten Interessen gem\u00e4\u00df Art. 6 Abs. 1 f) DSGVO. Zur Bereitstellung unseres Onlineauftritts nutzen wir Dienste von Webhostinganbietern, denen wir die oben genannten Daten \u00fcbermitteln.<\/p>\n<p>c) Kontaktaufnahme<\/p>\n<p>Sofern Sie mit uns Kontakt aufnehmen, werden Ihre Daten (Name, Kontaktdaten, sofern von Ihnen angegeben) und Ihre Nachricht ausschlie\u00dflich zum Zwecke der Bearbeitung und Abwicklung Ihrer Anfrage verarbeitet. Diese Daten werden von uns auf der Grundlage des Art. 6 Abs. 1 b) DSGVO oder des Art. 6 Abs. 1 f) DSGVO zur Abwicklung Ihrer Anfrage verarbeitet.<\/p>\n<p>d) Newsletter<\/p>\n<p>Um Ihnen regelm\u00e4\u00dfig Informationen zu unserem Unternehmen und unseren Angeboten \u00fcbermitteln zu k\u00f6nnen, bieten wir den Versand eines Newsletters an. Mit Ihrer Anmeldung zum Newsletter verarbeiten wir dabei die von Ihnen eingegebenen Daten (E-Mail-Adresse sowie sonstige freiwillige Angaben).<\/p>\n<p>Die \u00dcbersendung des Newsletters mittels Anmeldung erfolgt aufgrund Ihrer Einwilligung gem\u00e4\u00df Art. 6 Abs. 1 a) DSGVO.<\/p>\n<p>Die Anmeldung zum Newsletter erfolgt im sog. Double-Opt-In-Verfahren. Zur Verhinderung von Missbrauch senden wir Ihnen nach Ihrer Anmeldung eine E-Mail zu, mit der wir Sie um die Best\u00e4tigung Ihrer Anmeldung bitten. Um den Anmeldeprozess entsprechend den rechtlichen Anforderungen nachweisen zu k\u00f6nnen, wird Ihre Anmeldung protokolliert. Betroffen sind die Speicherung des Anmelde- und des Best\u00e4tigungszeitpunkts sowie Ihre IP-Adresse.<\/p>\n<p>e) Kundenkonto<\/p>\n<p>Wenn Sie ein Kundenkonto er\u00f6ffnen, willigen Sie damit ein, dass Ihre Bestandsdaten (Name, Adresse, E-Mail-Adresse, Bankverbindung) sowie Ihre Nutzungsdaten (Benutzername, Passwort) gespeichert werden. Dadurch k\u00f6nnen wir Sie als Kunden identifizieren und Sie haben die M\u00f6glichkeit, Ihre Bestellungen zu verwalten.<\/p>\n<p>Ihre Daten werden auf Grundlage Ihrer Einwilligung gem\u00e4\u00df Art. 6 Abs. 1 a) DSGVO verarbeitet.<\/p>\n<p>f) Kaufabwicklung<\/p>\n<p>Wir verarbeiten Ihre Bestelldaten zur Abwicklung des Kaufvertrags. Die Verarbeitung der Daten erfolgt entsprechend auf der Grundlage des Art. 6 Abs. 1 b) DSGVO.<\/p>\n<p>Wir \u00fcbermitteln Ihre Adressdaten an das mit der Lieferung beauftragte Unternehmen. Sofern es zur Abwicklung des Vertrags erforderlich ist, \u00fcbermitteln wir zus\u00e4tzlich Ihre E-Mail-Adresse und\/oder Ihre Telefonnummer zur Abstimmung eines Liefertermins (Avis) an das mit der Lieferung beauftragte Unternehmen.<\/p>\n<p>Wir \u00fcbermitteln Ihre Transaktionsdaten (Name, Datum der Bestellung, Zahlungsart, Versand- und\/ oder Empfangsdatum, Betrag und Zahlungsempf\u00e4nger, ggf. Bankverbindung oder Kreditkartendaten) an den mit der Abwicklung der Zahlung beauftragten Zahlungsdienstleister.<\/p>\n<p>ff) Um Ihnen die Zahlungsoptionen von Klarna anbieten zu k\u00f6nnen, werden wir personenbezogene Daten, wie beispielsweise Kontaktdaten und Bestelldaten, an Klarna \u00fcbermitteln. So kann Klarna beurteilen, ob Sie die \u00fcber Klarna angebotenen Zahlungsoptionen in Anspruch nehmen k\u00f6nnen und die Zahlungsoptionen an Ihre Bed\u00fcrfnisse anpassen. Allgemeine Informationen zu Klarna erhalten Sie <a class=\"link-item link-secondary\" href=\"https:\/\/www.klarna.de\/\" target=\"_blank\" rel=\"noopener\"><span class=\"link-content\">hier <\/span><\/a>. Ihre Personenangaben werden von Klarna in \u00dcbereinstimmung mit den geltenden Datenschutzbestimmungen und entsprechend den Angaben in <a class=\"link-item link-secondary\" href=\"https:\/\/cdn.klarna.com\/1.0\/shared\/content\/legal\/terms\/0\/de_de\/privacy\" target=\"_blank\" rel=\"noopener\"><span class=\"link-content\">Klarnas Datenschutzbestimmungen <\/span><\/a> behandelt.<\/p>\n<p>g) Cookies, Webseitenanalyse und Marketing<\/p>\n<p>Um die Nutzung bestimmter Funktionen zu erm\u00f6glichen verwenden wir sogenannte Cookies. Hierbei handelt es sich um kurze Datenpakete, die auf Ihrem Endger\u00e4t gespeichert und mit anderen Anbietern ausgetauscht werden. Einige der von uns verwendeten Cookies werden nach dem Schlie\u00dfen Ihres Browsers unmittelbar gel\u00f6scht (sog. Sitzungs-Cookies). Andere Cookies verbleiben auf Ihrem Endger\u00e4t und erm\u00f6glichen es, Ihren Browser beim n\u00e4chsten Besuch wiederzuerkennen (persistente Cookies).<\/p>\n<p>Sie k\u00f6nnen alle auf Ihrem Endger\u00e4t gespeicherten Cookies l\u00f6schen und die g\u00e4ngigen Browser so einstellen, dass das Speichern von Cookies verhindert wird.<\/p>\n<p>In diesem Falle m\u00fcssen Sie m\u00f6glicherweise einige Einstellungen bei jedem Besuch dieser Webseite erneut vornehmen und die Beeintr\u00e4chtigung mancher Funktionen in Kauf nehmen.<\/p>\n<p>Wir verwenden Cookies im Zusammenhang mit den nachfolgenden Funktionalit\u00e4ten:<\/p>\n<p>aa) Google Analytics<\/p>\n<p>Wir verwenden im Rahmen der Webseitenanalyse \u201eGoogle Analytics\u201c, einen Webanalysedienst der Google Inc., 1600 Amphitheatre Parkway, Mountain View, CA 94043, USA (\u201cGoogle\u201d).<\/p>\n<p>Google Analytics verwendet sog. \u201eCookies\u201c, Textdateien, die auf Ihrem Computer gespeichert werden und eine Analyse der Benutzung der Website durch Sie erm\u00f6glichen<\/p>\n<p>Die durch das Cookie erzeugten Informationen \u00fcber Ihre Benutzung dieser Website (einschlie\u00dflich Ihrer IP-Adresse), werden an einen Server von Google in den USA \u00fcbertragen und dort gespeichert. Wir verwenden die gespeicherten Informationen, um Ihre Nutzung der Website auszuwerten, um Reports \u00fcber die Websiteaktivit\u00e4ten f\u00fcr die Websitebetreiber zusammenzustellen und um weitere mit der Websitenutzung verbundene Dienstleistungen zu erbringen. Die so erhaltenen Daten verarbeiten wir aufgrund unseres \u00fcberwiegenden Interesses an der optimalen Vermarktung unseres Onlineangebotes nach Art.6 Abs. 1 f) DSGVO. Google wird in keinem Fall Ihre IP-Adresse mit anderen Daten von Google in Verbindung bringen.<\/p>\n<p>Wir weisen darauf hin, dass diese Website Google Analytics mit der Erweiterung \u201eanonymizeIp()\u201c verwendet. Dadurch werden IP-Adressen vor der \u00dcbertragung an einen Server in den USA gek\u00fcrzt. Ein direkter Personenbezug im Zusammenhang mit den gespeicherten Daten ist damit in der Regel ausgeschlossen. Nur in Ausnahmef\u00e4llen wird die volle IP-Adresse an einen Server in den USA \u00fcbertragen und dort gek\u00fcrzt.<\/p>\n<p>Sie k\u00f6nnen der Datenerhebung jederzeit mit Wirkung f\u00fcr die Zukunft widersprechen, indem Sie das Deaktivierungs-Add-on f\u00fcr Browser von Google Analytics unter<\/p>\n<p>https:\/\/tools.google.com\/dlpage\/gaoptout?hl=de verwenden.<\/p>\n<p>Bitte beachten Sie erg\u00e4nzend die Hinweise zur Verwendung von Daten von Google im Google-Partner-Netzwerk unter:<\/p>\n<p>https:\/\/www.google.com\/intl\/de\/policies\/privacy\/partners\/<\/p>\n<p>www.google.de\/privacy_ads.html<\/p>\n<p>Google ist zertifiziert unter:<\/p>\n<p>https:\/\/www.privacyshield.gov\/participant?id=a2zt000000001L5AAI&#038;status=Active<\/p>\n<p>Weitere Informationen zum Datenschutz finden Sie unter: https:\/\/policies.google.com\/privacy?hl=de&amp;gl=de<\/p>\n<p>bb) Facebook Remarketing\/Retargeting: Facebook Custom Audiences (Pixel\/Cookies)<\/p>\n<p>Wir setzen auf unserer Webseite ein sogenanntes Tracking Pixel ein. Hierbei wird beim Besuch bestimmter Seiten ein Cookie auf Ihrem Endger\u00e4t gespeichert. Die Cookies bleiben permanent auf ihrem PC bestehen. Die Cookies dienen dazu nachzuvollziehen, \u00fcber welche Anzeigen und Seiten von Dritten Nutzer auf unsere Webseite gelangen. Das Verfahren dient dazu unsere Werbung zu optimieren, indem wir die statistischen Daten, die wir mithilfe der Cookies erhalten auswerten. Die so erhaltenen Daten verarbeiten wir aufgrund unseres \u00fcberwiegenden Interesses an der optimalen Vermarktung unseres Onlineangebotes nach Art.6 Abs. 1 f) DSGVO.<\/p>\n<p>Die Cookies dienen nicht Ihrer pers\u00f6nlichen Identifizierung. Die Daten sind f\u00fcr uns anonym und lassen f\u00fcr uns keinen R\u00fcckschluss auf den Nutzer zu. Die durch das Cookie erzeugten Informationen \u00fcber Ihre Benutzung dieser Website (einschlie\u00dflich Ihrer IP-Adresse), werden an einen Server von Facebook in den USA \u00fcbertragen und dort gespeichert.<\/p>\n<p>Facebook ist zertifiziert unter:<\/p>\n<p>https:\/\/www.privacyshield.gov\/participant?id=a2zt0000000GnywAAC&#038;status=Active<\/p>\n<p>Weitere Informationen zum Datenschutz finden Sie unter:<\/p>\n<p>https:\/\/www.facebook.com\/help\/568137493302217<\/p>\n<p>Sie k\u00f6nnen der Datenerhebung jederzeit mit Wirkung f\u00fcr die Zukunft widersprechen, indem Sie [opt-out M\u00f6glichkeit einf\u00fcgen]<\/p>\n<p>h) Einbindung von externem Content<\/p>\n<p>Wir verwenden externen dynamischen Content, um die Darstellung und das Angebot unserer Webseite zu optimieren. Beim Besuch der Webseite wird automatisch mittels API eine Anfrage an den Server des jeweiligen Content Providers gestellt, bei der bestimmte Logdaten (z.B. die IP-Adresse der Nutzer) \u00fcbermittelt werden. Der dynamische Content wird anschlie\u00dfend an unsere Website \u00fcbermittelt und dort dargestellt.<\/p>\n<p>Wir verwenden externen Content im Zusammenhang mit den nachfolgenden Funktionalit\u00e4ten:<\/p>\n<p>aa) Google Maps<\/p>\n<p>Wir nutzen auf den Kartendienst \u201eGoogle Maps\u201c von Google, um Ihnen eine interaktive Karte zur Verf\u00fcgung zu stellen. Bei der Darstellung der Karte werden Daten, inklusive Ihrer IP-Adresse und Ihres Standortes an Server von Google in den USA \u00fcbertragen und dort gespeichert. Diese Verarbeitung erfolgt aufgrund unseres \u00fcberwiegenden berechtigten Interesses an einer optimalen Vermarktung unseres Angebotes nach Art. 6 Abs. 1 f) DSGVO.<\/p>\n<p>Google ist zertifiziert unter:<\/p>\n<p>https:\/\/www.privacyshield.gov\/participant?id=a2zt000000001L5AAI&#038;status=Active<\/p>\n<p>Weitere Informationen zum Datenschutz finden Sie unter: https:\/\/policies.google.com\/privacy?hl=de&amp;gl=de<\/p>\n<p>i) Social-Plugins<\/p>\n<p>Wir verwenden auf unseren Webseiten Plugins von Drittanbietern. Damit k\u00f6nnen Sie Ihre Kontakte dar\u00fcber informieren, ob Ihnen unser Internetangebot gef\u00e4llt, auf Inhalte hinweisen oder Inhalte teilen. Die Plugins sind durch das Logo des jeweiligen Drittanbieters kenntlich gemacht.<\/p>\n<p>Beim Besuch unserer Seite werden Ihre Daten an die jeweiligen Drittanbieter \u00fcbertragen.<\/p>\n<p>Sind Sie auch Nutzer eines Drittanbieters sind, k\u00f6nnen diese Daten dem entsprechenden Nutzerkonto beim Anbieter zugeordnet werden.<\/p>\n<p>Eine \u00dcbertragung dieser Daten an den Drittanbieter erfolgt unter Umst\u00e4nden auch dann, wenn Sie bei den Drittanbietern nicht als Nutzer registriert sind und das Plugin auf unseren Seiten nicht anklicken.<\/p>\n<p>Bei einer \u00dcbermittlung ohne zeitgleiche Anmeldung beim Drittanbieter ist es jedoch nicht unmittelbar m\u00f6glich, einen direkten Personenbezug \u00fcber z.B. die IP-Adresse zu Ihnen herzustellen; dies w\u00e4re nur \u00fcber eine Auskunft Ihres Providers m\u00f6glich.<\/p>\n<p>Zweck und Umfang der Datenverarbeitung durch den Drittanbieter k\u00f6nnen Sie den Datenschutzhinweisen des jeweiligen Anbieters entnehmen.<\/p>\n<p>Die Verarbeitung dieser Daten erfolgt aufgrund unseres \u00fcberwiegenden berechtigten Interesses an einer optimalen Vermarktung unseres Onlineangebotes nach Art. 6 Abs. 1 f) DSGVO.<\/p>\n<p>Auf unserer Website werden Plugins der folgenden Anbieter verwendet:<\/p>\n<p>Facebook-Connect, der Facebook Ireland Limited, 4 Grand Canal Square, Dublin 2, Irland.<\/p>\n<p>Sie k\u00f6nnen sich auf unserer Seite mit Facebook-Connect anmelden. In diesem Fall ist keine zus\u00e4tzliche Registrierung n\u00f6tig. Zur Anmeldung werden Sie auf die Seite von Facebook weitergeleitet, wo Sie sich mit Ihren Nutzungsdaten anmelden k\u00f6nnen.<\/p>\n<p>Bei der Anmeldung \u00fcber Facebook werden unsere Dienste mit Ihrem Nutzerprofil von Facebook verkn\u00fcpft. Durch die Verkn\u00fcpfung werden automatisch folgende Informationen vom jeweiligen social-media Dienstanbieter an uns \u00fcbermittelt:<\/p>\n<p>&#8211; Nutzername<\/p>\n<p>&#8211; E-Mail-Adresse<\/p>\n<p>Diese Informationen sind f\u00fcr den Vertragsschluss zwingend erforderlich, um Sie identifizieren zu k\u00f6nnen.<\/p>\n<p>Dar\u00fcber hinaus r\u00e4umt Facebook bei einer Authentifizierung mittels dieser Dienste die M\u00f6glichkeit ein, auf Ihre Kontakte zuzugreifen. Hiervon machen wir jedoch keinen Gebrauch.<\/p>\n<p>Wir weisen darauf hin, dass die Nutzung des Facebook-Logins dazu f\u00fchren kann, dass diese personenbezogene Daten erheben und diese ggf. weiter verwerten. Diese Datenerhebung und -verwendung liegt jedoch in der Verantwortung von Facebook und kann von uns nicht beeinflusst werden.<\/p>\n<p>Zertifizierung unter: https:\/\/www.privacyshield.gov\/participant?id=a2zt0000000GnywAAC&amp;status=Active<\/p>\n<p>Weiterf\u00fchrende Informationen unter: https:\/\/www.facebook.com\/privacy\/explanation https:\/\/www.facebook.com\/full_data_use_policy<\/p>\n<p>j) Facebook Custom Audiences (Kundenliste)<\/p>\n<p>Wir verwenden die Custom Audience Dienste der Facebook Inc., 1601 S. California Ave, Palo Alto, CA 94304, USA (Facebook). Hierbei werden Kundendaten in Listen an Facebook \u00fcbertragen. Die Daten werden an Server von Facebook in den USA gesendet. Die Daten werden zur Analyse des Nutzerverhaltens im Internet und zur Personalisierung von Werbung verwendet und gegebenenfalls mit einem vorhandenen Nutzerkonto bei Facebook verkn\u00fcpft.<\/p>\n<p>Zertifizierung unter: https:\/\/www.privacyshield.gov\/participant?id=a2zt0000000GnywAAC&amp;status=Active<\/p>\n<p>Weiterf\u00fchrende Informationen unter: https:\/\/www.facebook.com\/privacy\/explanation<\/p>\n<p>C. Dauer der Datenspeicherung<\/p>\n<p>Wir speichern personenbezogene Daten nur so lange, wie es f\u00fcr die Zwecke, f\u00fcr die sie verarbeitet werden, erforderlich ist oder eine von Ihnen erteilte Einwilligung von Ihnen widerrufen wurde. Soweit gesetzliche Aufbewahrungspflichten zu beachten sind, kann die Speicherdauer zu bestimmten Daten ungeachtet der Verarbeitungszwecke bis zu 10 Jahre betragen.<\/p>\n<p>D. Ihre Betroffenenrechte<\/p>\n<p>a) Auskunft<\/p>\n<p>Auf Wunsch erhalten Sie jederzeit unentgeltlich Auskunft \u00fcber alle personenbezogenen Daten, die wir \u00fcber Sie gespeichert haben.<\/p>\n<p>b) Berichtigung, L\u00f6schung, Einschr\u00e4nkung der Verarbeitung (Sperrung), Widerspruch<\/p>\n<p>Sollten Sie mit der Speicherung Ihrer personenbezogenen Daten nicht mehr einverstanden oder sollten diese unrichtig geworden sein, werden wir auf eine entsprechende Weisung hin die L\u00f6schung oder Sperrung Ihrer Daten veranlassen oder die notwendigen Korrekturen vornehmen (soweit dies nach dem geltenden Recht m\u00f6glich ist). Gleiches gilt, sofern wir Daten k\u00fcnftig nur noch einschr\u00e4nkend verarbeiten sollen.<\/p>\n<p>c) Daten\u00fcbertragbarkeit<\/p>\n<p>Auf Antrag stellen wir Ihnen Ihre Daten in einem g\u00e4ngigen, strukturierten und maschinenlesbaren Format bereit, so dass Sie die Daten auf Wunsch einen anderen Verantwortlichen \u00fcbermitteln k\u00f6nnen.<\/p>\n<p>d) Beschwerderecht<\/p>\n<p>Es besteht ein Beschwerderecht bei der zust\u00e4ndigen Aufsichtsbeh\u00f6rde:<\/p>\n<p>(https:\/\/www.bfdi.bund.de\/DE\/Infothek\/Anschriften_Links\/anschriften_links-node.html).<\/p>\n<p>e) Widerrufsrecht bei Einwilligungen mit Wirkung f\u00fcr die Zukunft<\/p>\n<p>Erteilte Einwilligungen k\u00f6nnen Sie mit Wirkung f\u00fcr die Zukunft jederzeit widerrufen. Durch Ihren Widerruf wird die Rechtm\u00e4\u00dfigkeit der Verarbeitung bis zum Zeitpunkt des Widerrufs nicht ber\u00fchrt.<\/p>\n<p>f) Einschr\u00e4nkungen<\/p>\n<p>Daten, bei denen wir nicht in der Lage sind die betroffene Person zu identifizieren, bspw. wenn diese zu Analysezwecken anonymisiert wurden, sind nicht von den vorstehenden Rechten umfasst. Auskunft, L\u00f6schung, Sperrung, Korrektur oder \u00dcbertragung an ein anderes Unternehmen sind in Bezug auf diese Daten ggf. m\u00f6glich, wenn Sie uns zus\u00e4tzliche Informationen, die uns eine Identifizierung erlauben, bereitstellen.<\/p>\n<p>g) Aus\u00fcbung Ihrer Betroffenenrechte<\/p>\n<p>Bei Fragen zur Verarbeitung Ihrer personenbezogenen Daten, bei Ausk\u00fcnften, Berichtigung, Sperrung, Widerspruch oder L\u00f6schung von Daten oder dem Wunsch der \u00dcbertragung der Daten an ein anderes Unternehmen, wenden Sie sich bitte an<\/p>\n<p>hookahLove UG (haftungsbeschr\u00e4nkt)<br \/>\nGewerbestr. 4<br \/>\n86859 Igling<\/p>\n<p>vertreten durch den Gesch\u00e4ftsf\u00fchrer Maximilian Held<\/p>\n<p>Telefon 08191-220000-2<br \/>\nE-Mail: info@hookahLove.de<\/p>\n<\/div>\n<\/div>\n","protected":false},"excerpt":{"rendered":"<p>Datenschutzerkl\u00e4rung A. Verantwortlich f\u00fcr die Datenverarbeitung Verantwortlich f\u00fcr die Verarbeitung personenbezogener Daten im Rahmen dieses Webauftritts gem\u00e4\u00df den Vorschriften der Datenschutzgrundverordnung (DSGVO) ist: hookahLove UG (haftungsbeschr\u00e4nkt) Gewerbestr. 4 86859 Igling vertreten durch den Gesch\u00e4ftsf\u00fchrer Maximilian Held Telefon 08191-220000-2 E-Mail: info@hookahLove.de Mit dieser Datenschutzerkl\u00e4rung informieren wir Sie \u00fcber den Umfang der Verarbeitung Ihrer personenbezogenen Daten (nachfolgend [&hellip;]<\/p>\n","protected":false},"author":1,"featured_media":0,"parent":0,"menu_order":0,"comment_status":"closed","ping_status":"closed","template":"","meta":{"_acf_changed":false,"footnotes":""},"class_list":["post-404","page","type-page","status-publish","hentry"],"acf":[],"_links":{"self":[{"href":"https:\/\/hookahlove.de\/en\/wp-json\/wp\/v2\/pages\/404","targetHints":{"allow":["GET"]}}],"collection":[{"href":"https:\/\/hookahlove.de\/en\/wp-json\/wp\/v2\/pages"}],"about":[{"href":"https:\/\/hookahlove.de\/en\/wp-json\/wp\/v2\/types\/page"}],"author":[{"embeddable":true,"href":"https:\/\/hookahlove.de\/en\/wp-json\/wp\/v2\/users\/1"}],"replies":[{"embeddable":true,"href":"https:\/\/hookahlove.de\/en\/wp-json\/wp\/v2\/comments?post=404"}],"version-history":[{"count":2,"href":"https:\/\/hookahlove.de\/en\/wp-json\/wp\/v2\/pages\/404\/revisions"}],"predecessor-version":[{"id":1433,"href":"https:\/\/hookahlove.de\/en\/wp-json\/wp\/v2\/pages\/404\/revisions\/1433"}],"wp:attachment":[{"href":"https:\/\/hookahlove.de\/en\/wp-json\/wp\/v2\/media?parent=404"}],"curies":[{"name":"wp","href":"https:\/\/api.w.org\/{rel}","templated":true}]}}