{"id":401,"date":"2020-01-15T13:35:13","date_gmt":"2020-01-15T12:35:13","guid":{"rendered":"http:\/\/hookahsqueeze.de.dedi5317.your-server.de\/versand__lieferung\/"},"modified":"2025-12-04T16:28:51","modified_gmt":"2025-12-04T15:28:51","slug":"versand__lieferung","status":"publish","type":"page","link":"https:\/\/hookahlove.de\/en\/versand__lieferung\/","title":{"rendered":"Shipping &amp; Delivery"},"content":{"rendered":"<h3><strong>Free shipping within Germany from 59,- EUR value of goods!<\/strong><\/h3>\n<p>Wir verschicken unsere Pakete mit DHL und meist innerhalb von 1-2 Tagen. In Einzelf\u00e4llen kann es allerdings bis zu f\u00fcnf Werktage dauern. Bitte beachte, dass die Pakete oft erst sp\u00e4t abends gescannt werden und du erst dann deine Versandbenachrichtigung bekommst.<\/p>\n<p>The goods leave our warehouse five days a week, from Monday to Friday. Delivery by DHL (Deutsche Post) takes place on six days in Germany - from Monday to Saturday. There is no delivery on Sundays and public holidays.<\/p>\n<p>The following flat shipping rates are charged for shipping, regardless of the size of the delivery:<\/p>\n<p><b>Germany:<\/b><br \/>\n- up to a value of goods of EUR 58.99 <strong>flat rate 6,90 EUR<\/strong><br \/>\n- from a value of goods of 59,00 EUR <strong>free shipping<\/strong>*<\/p>\n<p><b>Norway, Switzerland, United Kingdom:<\/b><br \/>\n- DHL flat rate 14,90 EUR<\/p>\n<p><b>Other countries:<\/b><br \/>\nPlease enquire in advance (<a href=\"https:\/\/hookahlove.de\/en\/kontakt\/\">Contact form<\/a>)! However, we are not allowed to ship to all EU countries (except Germany) due to tobacco tax legislation!<\/p>\n<p>* Please note that the flat rates refer to the value of the goods and not to the actual order value. This means that the redemption of vouchers of any kind has no influence on the calculation of the flat shipping rates. Only the value of the goods before deduction of the credit note applies.<\/p>\n<p>When shipping abroad, additional customs duties may be incurred, which will be levied directly on you by the responsible customs authorities.<\/p>\n<p>For deliveries to non-EU countries, we declare the delivery with a description of the contents and value. Any customs and import duties that may be incurred are to be borne by the recipient. National import regulations for the respective products are to be observed by the customer. We assume no responsibility for the conformity of our products with national directives and regulations outside the European Union.<\/p>","protected":false},"excerpt":{"rendered":"<p>Versandkostenfrei innerhalb Deutschlands ab 59,- EUR Warenwert!* Wir verschicken unsere Pakete mit DHL und meist innerhalb von 1-2 Tagen. In Einzelf\u00e4llen kann es allerdings bis zu f\u00fcnf Werktage dauern. Bitte beachte, dass die Pakete oft erst sp\u00e4t abends gescannt werden und du erst dann deine Versandbenachrichtigung bekommst. Die Ware verl\u00e4sst an f\u00fcnf Tagen in der [&hellip;]<\/p>\n","protected":false},"author":1,"featured_media":0,"parent":0,"menu_order":0,"comment_status":"closed","ping_status":"closed","template":"","meta":{"_acf_changed":false,"footnotes":""},"class_list":["post-401","page","type-page","status-publish","hentry"],"acf":[],"_links":{"self":[{"href":"https:\/\/hookahlove.de\/en\/wp-json\/wp\/v2\/pages\/401","targetHints":{"allow":["GET"]}}],"collection":[{"href":"https:\/\/hookahlove.de\/en\/wp-json\/wp\/v2\/pages"}],"about":[{"href":"https:\/\/hookahlove.de\/en\/wp-json\/wp\/v2\/types\/page"}],"author":[{"embeddable":true,"href":"https:\/\/hookahlove.de\/en\/wp-json\/wp\/v2\/users\/1"}],"replies":[{"embeddable":true,"href":"https:\/\/hookahlove.de\/en\/wp-json\/wp\/v2\/comments?post=401"}],"version-history":[{"count":9,"href":"https:\/\/hookahlove.de\/en\/wp-json\/wp\/v2\/pages\/401\/revisions"}],"predecessor-version":[{"id":11204,"href":"https:\/\/hookahlove.de\/en\/wp-json\/wp\/v2\/pages\/401\/revisions\/11204"}],"wp:attachment":[{"href":"https:\/\/hookahlove.de\/en\/wp-json\/wp\/v2\/media?parent=401"}],"curies":[{"name":"wp","href":"https:\/\/api.w.org\/{rel}","templated":true}]}}