{"id":400,"date":"2020-01-15T13:35:13","date_gmt":"2020-01-15T12:35:13","guid":{"rendered":"http:\/\/hookahsqueeze.de.dedi5317.your-server.de\/impressum\/"},"modified":"2024-11-20T11:19:50","modified_gmt":"2024-11-20T10:19:50","slug":"impressum","status":"publish","type":"page","link":"https:\/\/hookahlove.de\/en\/impressum\/","title":{"rendered":"Imprint"},"content":{"rendered":"<h4><strong>Information according to \u00a7 5 TMG<\/strong><\/h4>\n<p>hookahLove UG (limited liability)<br \/>Gewerbestr. 4<br \/>D-86859 Igling<br \/>Germany<br \/>Managing director authorised to represent the company: Maximilian Held<\/p>\n<p>Phone: +49(0)8191 - 22 00 00 2<br \/>E-mail: <span id=\"cloak68031\"><a href=\"mailto:info@hookahLove.de\">info@hookahLove.de<\/a><\/span><\/p>\n<p>Register court: Augsburg Local Court<br \/>Registration number: Augsburg HRB 26666<br \/>VAT ID No.: DE280856616<\/p>\n<p>Transactions with the hookahLove UG (haftungsbeschr\u00e4nkt) take place exclusively on the basis of their <a href=\"https:\/\/hookahlove.de\/en\/allgemeine-geschaeftsbedingungen\/\">AGB<\/a> held.<\/p>\n<p>This imprint applies to this website and to the appearances of hookahLove UG on the following social media channels:<\/p>\n<p>facebook hookahSqueeze<\/p>\n<p>instagram @hookahSqueeze &amp; @guus_shisha<\/p>\n<p>TikTok @hookahSqueeze<\/p>\n<h4><strong>Responsible for the content according to \u00a7 55 para. 2 RStV<\/strong><\/h4>\n<p>hookahLove UG (limited liability)<\/p>\n<p>Maximilian Held<br \/>Gewerbestr. 4<br \/>D-86859 Igling<br \/>Germany<\/p>\n<h4><strong>Sources for the images and graphics used<\/strong><\/h4>\n<p>Max Held<\/p>\n<h4>Note on EU dispute resolution<\/h4>\n<p>The European Commission provides a platform for online dispute resolution (ODR) at the following link: <a href=\"https:\/\/ec.europa.eu\/consumers\/odr\" target=\"_blank\" rel=\"noopener noreferrer\">https:\/\/ec.europa.eu\/consumers\/odr<\/a>. Our e-mail address is <span id=\"cloak21680\"><a href=\"mailto:info@hookahLove.de\">info@hookahLove.de<\/a><\/span>.<\/p>\n<h2><strong>Disclaimer<\/strong><strong><br \/><\/strong><\/h2>\n<h4><strong>Liability for contents<\/strong><\/h4>\n<p>The contents of our pages were created with the greatest care. However, we cannot guarantee the correctness, completeness and up-to-dateness of the contents. As a service provider, we are responsible for our own content on these pages in accordance with general laws pursuant to Section 7 (1) of the German Telemedia Act (TMG). However, according to \u00a7\u00a7 8 to 10 TMG, we are not obliged as a service provider to monitor transmitted or stored third-party information or to investigate circumstances that indicate illegal activity. Obligations to remove or block the use of information in accordance with general laws remain unaffected by this. However, liability in this regard is only possible from the point in time at which a concrete infringement of the law becomes known. If we become aware of corresponding infringements, we will remove this content immediately.<\/p>\n<h4><strong>Liability for links<\/strong><\/h4>\n<p>Our offer contains links to external websites of third parties, on whose contents we have no influence. Therefore, we cannot assume any liability for these external contents. The respective provider or operator of the pages is always responsible for the content of the linked pages. The linked pages were checked for possible legal violations at the time of linking. Illegal contents were not recognisable at the time of linking. However, permanent monitoring of the content of the linked pages is not reasonable without concrete indications of a legal violation. If we become aware of any infringements of the law, we will remove such links immediately.<\/p>\n<h4><strong>Copyright<\/strong><\/h4>\n<p>The contents and works created by the site operators on these pages are subject to German copyright law. Duplication, processing, distribution and any kind of exploitation outside the limits of copyright law require the written consent of the respective author or creator. Downloads and copies of this site are only permitted for private, non-commercial use. Insofar as the content on this site was not created by the operator, the copyrights of third parties are respected. In particular, third-party content is marked as such. Should you nevertheless become aware of a copyright infringement, please inform us accordingly. If we become aware of any infringements, we will remove such content immediately.<\/p>\n<p>\u00a0<\/p>\n<p>\u00a0<\/p>\n<p>\u00a0<\/p>\n\n\n<figure class=\"wp-block-image size-medium\"><img fetchpriority=\"high\" decoding=\"async\" width=\"300\" height=\"262\" src=\"https:\/\/hookahlove.de\/wp-content\/uploads\/2024\/11\/2022ab1_DSD_GP_beteiligt-300x262.png\" alt=\"\" class=\"wp-image-10870\" srcset=\"https:\/\/hookahlove.de\/wp-content\/uploads\/2024\/11\/2022ab1_DSD_GP_beteiligt-300x262.png 300w, https:\/\/hookahlove.de\/wp-content\/uploads\/2024\/11\/2022ab1_DSD_GP_beteiligt-1024x895.png 1024w, https:\/\/hookahlove.de\/wp-content\/uploads\/2024\/11\/2022ab1_DSD_GP_beteiligt-768x672.png 768w, https:\/\/hookahlove.de\/wp-content\/uploads\/2024\/11\/2022ab1_DSD_GP_beteiligt-14x12.png 14w, https:\/\/hookahlove.de\/wp-content\/uploads\/2024\/11\/2022ab1_DSD_GP_beteiligt-600x525.png 600w, https:\/\/hookahlove.de\/wp-content\/uploads\/2024\/11\/2022ab1_DSD_GP_beteiligt.png 1107w\" sizes=\"(max-width: 300px) 100vw, 300px\" \/><\/figure>\n\n\n\n<p><strong>With this logo we would like to show that we are a customer of Der Gr\u00fcne Punkt - Duales System Deutschland GmbH and that our sales packaging for Germany participates in the dual system Der Gr\u00fcne Punkt.<\/strong><\/p>","protected":false},"excerpt":{"rendered":"<p>Angaben gem\u00e4\u00df \u00a7 5 TMG hookahLove UG (haftungsbeschr\u00e4nkt)Gewerbestr. 4D-86859 IglingGermanyVertretungsberechtigter Gesch\u00e4ftsf\u00fchrer: Maximilian Held Telefon: +49(0)8191 &#8211; 22 00 00 2E-Mail: info@hookahLove.de Registergericht: Amtsgericht AugsburgRegisternummer:\u00a0Augsburg HRB 26666USt.-Ident-Nr.:\u00a0DE280856616 Gesch\u00e4fte mit der hookahLove UG (haftungsbeschr\u00e4nkt) finden grunds\u00e4tzlich ausschlie\u00dflich auf Basis deren AGB statt. Dieses Impressum gilt f\u00fcr diesen Internetauftritt und f\u00fcr die Auftritte der hookahLove UG auf den [&hellip;]<\/p>\n","protected":false},"author":1,"featured_media":0,"parent":0,"menu_order":0,"comment_status":"closed","ping_status":"closed","template":"","meta":{"_acf_changed":false,"footnotes":""},"class_list":["post-400","page","type-page","status-publish","hentry"],"acf":[],"_links":{"self":[{"href":"https:\/\/hookahlove.de\/en\/wp-json\/wp\/v2\/pages\/400","targetHints":{"allow":["GET"]}}],"collection":[{"href":"https:\/\/hookahlove.de\/en\/wp-json\/wp\/v2\/pages"}],"about":[{"href":"https:\/\/hookahlove.de\/en\/wp-json\/wp\/v2\/types\/page"}],"author":[{"embeddable":true,"href":"https:\/\/hookahlove.de\/en\/wp-json\/wp\/v2\/users\/1"}],"replies":[{"embeddable":true,"href":"https:\/\/hookahlove.de\/en\/wp-json\/wp\/v2\/comments?post=400"}],"version-history":[{"count":7,"href":"https:\/\/hookahlove.de\/en\/wp-json\/wp\/v2\/pages\/400\/revisions"}],"predecessor-version":[{"id":10872,"href":"https:\/\/hookahlove.de\/en\/wp-json\/wp\/v2\/pages\/400\/revisions\/10872"}],"wp:attachment":[{"href":"https:\/\/hookahlove.de\/en\/wp-json\/wp\/v2\/media?parent=400"}],"curies":[{"name":"wp","href":"https:\/\/api.w.org\/{rel}","templated":true}]}}